{"id":24,"date":"2023-12-30T14:32:05","date_gmt":"2023-12-30T13:32:05","guid":{"rendered":"http:\/\/thunhorst.de\/?page_id=24"},"modified":"2025-02-15T17:54:35","modified_gmt":"2025-02-15T16:54:35","slug":"homeseite","status":"publish","type":"page","link":"https:\/\/thunhorst.de\/","title":{"rendered":""},"content":{"rendered":"\n<p>alldfdhdhdhfdhdfhle..<\/p>\n\n\n\n<p>der n\u00e4chste <\/p>\n\n\n\n<figure class=\"wp-block-image size-large\"><img loading=\"lazy\" decoding=\"async\" width=\"768\" height=\"1024\" src=\"http:\/\/thunhorst.de\/wp-content\/uploads\/2023\/12\/Me_Tennis-768x1024.jpg\" alt=\"\" class=\"wp-image-29\" srcset=\"https:\/\/thunhorst.de\/wp-content\/uploads\/2023\/12\/Me_Tennis-768x1024.jpg 768w, https:\/\/thunhorst.de\/wp-content\/uploads\/2023\/12\/Me_Tennis-225x300.jpg 225w, https:\/\/thunhorst.de\/wp-content\/uploads\/2023\/12\/Me_Tennis-1152x1536.jpg 1152w, https:\/\/thunhorst.de\/wp-content\/uploads\/2023\/12\/Me_Tennis-1536x2048.jpg 1536w, https:\/\/thunhorst.de\/wp-content\/uploads\/2023\/12\/Me_Tennis-scaled.jpg 1920w\" sizes=\"auto, (max-width: 768px) 100vw, 768px\" \/><\/figure>\n\n\n\n<p>Halllo<\/p>\n\n\n\n<p>afj\u00f6js\u00f6afjl\u00f6s<\/p>\n\n\n\n\n\n<div class=\"wp-block-columns is-layout-flex wp-container-core-columns-is-layout-1 wp-block-columns-is-layout-flex\">\n<div class=\"wp-block-column has-accent-3-background-color has-background is-layout-flow wp-block-column-is-layout-flow\" style=\"border-width:10px;border-radius:34px;padding-top:var(--wp--preset--spacing--20);padding-bottom:var(--wp--preset--spacing--20)\">\n<p>asfasf <a href=\"https:\/\/www.google.de\/\" data-type=\"link\" data-id=\"https:\/\/www.google.de\/\">Hier steht google<\/a> asdfafsa<\/p>\n\n\n\n<p>sdfdf<\/p>\n<\/div>\n\n\n\n<div class=\"wp-block-column is-layout-flow wp-block-column-is-layout-flow\" style=\"border-width:10px;border-radius:34px;padding-top:var(--wp--preset--spacing--20);padding-bottom:var(--wp--preset--spacing--20)\">\n<p>afaf<\/p>\n<\/div>\n<\/div>\n\n\n\n<p><\/p>\n","protected":false},"excerpt":{"rendered":"<p>alldfdhdhdhfdhdfhle.. der n\u00e4chste Halllo afj\u00f6js\u00f6afjl\u00f6s asfasf Hier steht google asdfafsa sdfdf afaf<\/p>\n","protected":false},"author":1,"featured_media":0,"parent":0,"menu_order":0,"comment_status":"closed","ping_status":"closed","template":"","meta":{"footnotes":""},"class_list":["post-24","page","type-page","status-publish","hentry"],"_links":{"self":[{"href":"https:\/\/thunhorst.de\/index.php?rest_route=\/wp\/v2\/pages\/24","targetHints":{"allow":["GET"]}}],"collection":[{"href":"https:\/\/thunhorst.de\/index.php?rest_route=\/wp\/v2\/pages"}],"about":[{"href":"https:\/\/thunhorst.de\/index.php?rest_route=\/wp\/v2\/types\/page"}],"author":[{"embeddable":true,"href":"https:\/\/thunhorst.de\/index.php?rest_route=\/wp\/v2\/users\/1"}],"replies":[{"embeddable":true,"href":"https:\/\/thunhorst.de\/index.php?rest_route=%2Fwp%2Fv2%2Fcomments&post=24"}],"version-history":[{"count":9,"href":"https:\/\/thunhorst.de\/index.php?rest_route=\/wp\/v2\/pages\/24\/revisions"}],"predecessor-version":[{"id":46,"href":"https:\/\/thunhorst.de\/index.php?rest_route=\/wp\/v2\/pages\/24\/revisions\/46"}],"wp:attachment":[{"href":"https:\/\/thunhorst.de\/index.php?rest_route=%2Fwp%2Fv2%2Fmedia&parent=24"}],"curies":[{"name":"wp","href":"https:\/\/api.w.org\/{rel}","templated":true}]}}